{"id":204,"date":"2022-04-19T10:58:53","date_gmt":"2022-04-19T08:58:53","guid":{"rendered":"https:\/\/pragueartweek.cz\/podcasts\/"},"modified":"2023-06-19T16:10:49","modified_gmt":"2023-06-19T14:10:49","slug":"podcasts","status":"publish","type":"page","link":"https:\/\/pragueartweek.cz\/en\/podcasts\/","title":{"rendered":"Podcasts"},"content":{"rendered":"","protected":false},"excerpt":{"rendered":"","protected":false},"author":1,"featured_media":0,"parent":0,"menu_order":0,"comment_status":"closed","ping_status":"closed","template":"template-podcasty.php","meta":{"_acf_changed":false,"footnotes":""},"class_list":["post-204","page","type-page","status-publish","hentry","wpautop"],"acf":[],"yoast_head":"<!-- This site is optimized with the Yoast SEO plugin v23.0 - https:\/\/yoast.com\/wordpress\/plugins\/seo\/ -->\n<title>Podcasts | Prague Art Week 24<\/title>\n<meta name=\"description\" content=\"Do you want to keep up to date on current topics? Follow our podcast for interviews with curators, artists and other art world personalities.\" \/>\n<meta name=\"robots\" content=\"index, follow, max-snippet:-1, max-image-preview:large, max-video-preview:-1\" \/>\n<link rel=\"canonical\" href=\"https:\/\/pragueartweek.cz\/en\/podcasts\/\" \/>\n<meta property=\"og:locale\" content=\"en_US\" \/>\n<meta property=\"og:type\" content=\"article\" \/>\n<meta property=\"og:title\" content=\"Podcasts | Prague Art Week 24\" \/>\n<meta property=\"og:description\" content=\"Do you want to keep up to date on current topics? Follow our podcast for interviews with curators, artists and other art world personalities.\" \/>\n<meta property=\"og:url\" content=\"https:\/\/pragueartweek.cz\/en\/podcasts\/\" \/>\n<meta property=\"og:site_name\" content=\"Prague Art Week 24\" \/>\n<meta property=\"article:publisher\" content=\"https:\/\/www.facebook.com\/pragueartweek22\/\" \/>\n<meta property=\"article:modified_time\" content=\"2023-06-19T14:10:49+00:00\" \/>\n<meta property=\"og:image\" content=\"https:\/\/pragueartweek.cz\/wp-content\/uploads\/2022\/04\/LOGO_PAW_bez-roku-02.png\" \/>\n\t<meta property=\"og:image:width\" content=\"2481\" \/>\n\t<meta property=\"og:image:height\" content=\"1749\" \/>\n\t<meta property=\"og:image:type\" content=\"image\/png\" \/>\n<meta name=\"twitter:card\" content=\"summary_large_image\" \/>\n<script type=\"application\/ld+json\" class=\"yoast-schema-graph\">{\"@context\":\"https:\/\/schema.org\",\"@graph\":[{\"@type\":\"WebPage\",\"@id\":\"https:\/\/pragueartweek.cz\/en\/podcasts\/\",\"url\":\"https:\/\/pragueartweek.cz\/en\/podcasts\/\",\"name\":\"Podcasts | Prague Art Week 24\",\"isPartOf\":{\"@id\":\"https:\/\/pragueartweek.cz\/en\/#website\"},\"datePublished\":\"2022-04-19T08:58:53+00:00\",\"dateModified\":\"2023-06-19T14:10:49+00:00\",\"description\":\"Do you want to keep up to date on current topics? Follow our podcast for interviews with curators, artists and other art world personalities.\",\"breadcrumb\":{\"@id\":\"https:\/\/pragueartweek.cz\/en\/podcasts\/#breadcrumb\"},\"inLanguage\":\"en-US\",\"potentialAction\":[{\"@type\":\"ReadAction\",\"target\":[\"https:\/\/pragueartweek.cz\/en\/podcasts\/\"]}]},{\"@type\":\"BreadcrumbList\",\"@id\":\"https:\/\/pragueartweek.cz\/en\/podcasts\/#breadcrumb\",\"itemListElement\":[{\"@type\":\"ListItem\",\"position\":1,\"name\":\"Home\",\"item\":\"https:\/\/pragueartweek.cz\/en\/\"},{\"@type\":\"ListItem\",\"position\":2,\"name\":\"Podcasts\"}]},{\"@type\":\"WebSite\",\"@id\":\"https:\/\/pragueartweek.cz\/en\/#website\",\"url\":\"https:\/\/pragueartweek.cz\/en\/\",\"name\":\"Prague Art Week 24\",\"description\":\"Prague Art Week je otev\u0159enou platformou pro kooperaci nejv\u00fdznamn\u011bj\u0161\u00edch instituc\u00ed na poli pra\u017esk\u00e9 um\u011bleck\u00e9 sc\u00e9ny.\",\"publisher\":{\"@id\":\"https:\/\/pragueartweek.cz\/en\/#organization\"},\"potentialAction\":[{\"@type\":\"SearchAction\",\"target\":{\"@type\":\"EntryPoint\",\"urlTemplate\":\"https:\/\/pragueartweek.cz\/en\/?s={search_term_string}\"},\"query-input\":\"required name=search_term_string\"}],\"inLanguage\":\"en-US\"},{\"@type\":\"Organization\",\"@id\":\"https:\/\/pragueartweek.cz\/en\/#organization\",\"name\":\"Prague Art Week\",\"url\":\"https:\/\/pragueartweek.cz\/en\/\",\"logo\":{\"@type\":\"ImageObject\",\"inLanguage\":\"en-US\",\"@id\":\"https:\/\/pragueartweek.cz\/en\/#\/schema\/logo\/image\/\",\"url\":\"https:\/\/pragueartweek.cz\/wp-content\/uploads\/2022\/04\/LOGO_PAW_bez-roku-02.png\",\"contentUrl\":\"https:\/\/pragueartweek.cz\/wp-content\/uploads\/2022\/04\/LOGO_PAW_bez-roku-02.png\",\"width\":2481,\"height\":1749,\"caption\":\"Prague Art Week\"},\"image\":{\"@id\":\"https:\/\/pragueartweek.cz\/en\/#\/schema\/logo\/image\/\"},\"sameAs\":[\"https:\/\/www.facebook.com\/pragueartweek22\/\",\"https:\/\/www.instagram.com\/prague_art_week\/\"]}]}<\/script>\n<!-- \/ Yoast SEO plugin. -->","yoast_head_json":{"title":"Podcasts | Prague Art Week 24","description":"Do you want to keep up to date on current topics? Follow our podcast for interviews with curators, artists and other art world personalities.","robots":{"index":"index","follow":"follow","max-snippet":"max-snippet:-1","max-image-preview":"max-image-preview:large","max-video-preview":"max-video-preview:-1"},"canonical":"https:\/\/pragueartweek.cz\/en\/podcasts\/","og_locale":"en_US","og_type":"article","og_title":"Podcasts | Prague Art Week 24","og_description":"Do you want to keep up to date on current topics? Follow our podcast for interviews with curators, artists and other art world personalities.","og_url":"https:\/\/pragueartweek.cz\/en\/podcasts\/","og_site_name":"Prague Art Week 24","article_publisher":"https:\/\/www.facebook.com\/pragueartweek22\/","article_modified_time":"2023-06-19T14:10:49+00:00","og_image":[{"width":2481,"height":1749,"url":"https:\/\/pragueartweek.cz\/wp-content\/uploads\/2022\/04\/LOGO_PAW_bez-roku-02.png","type":"image\/png"}],"twitter_card":"summary_large_image","schema":{"@context":"https:\/\/schema.org","@graph":[{"@type":"WebPage","@id":"https:\/\/pragueartweek.cz\/en\/podcasts\/","url":"https:\/\/pragueartweek.cz\/en\/podcasts\/","name":"Podcasts | Prague Art Week 24","isPartOf":{"@id":"https:\/\/pragueartweek.cz\/en\/#website"},"datePublished":"2022-04-19T08:58:53+00:00","dateModified":"2023-06-19T14:10:49+00:00","description":"Do you want to keep up to date on current topics? Follow our podcast for interviews with curators, artists and other art world personalities.","breadcrumb":{"@id":"https:\/\/pragueartweek.cz\/en\/podcasts\/#breadcrumb"},"inLanguage":"en-US","potentialAction":[{"@type":"ReadAction","target":["https:\/\/pragueartweek.cz\/en\/podcasts\/"]}]},{"@type":"BreadcrumbList","@id":"https:\/\/pragueartweek.cz\/en\/podcasts\/#breadcrumb","itemListElement":[{"@type":"ListItem","position":1,"name":"Home","item":"https:\/\/pragueartweek.cz\/en\/"},{"@type":"ListItem","position":2,"name":"Podcasts"}]},{"@type":"WebSite","@id":"https:\/\/pragueartweek.cz\/en\/#website","url":"https:\/\/pragueartweek.cz\/en\/","name":"Prague Art Week 24","description":"Prague Art Week je otev\u0159enou platformou pro kooperaci nejv\u00fdznamn\u011bj\u0161\u00edch instituc\u00ed na poli pra\u017esk\u00e9 um\u011bleck\u00e9 sc\u00e9ny.","publisher":{"@id":"https:\/\/pragueartweek.cz\/en\/#organization"},"potentialAction":[{"@type":"SearchAction","target":{"@type":"EntryPoint","urlTemplate":"https:\/\/pragueartweek.cz\/en\/?s={search_term_string}"},"query-input":"required name=search_term_string"}],"inLanguage":"en-US"},{"@type":"Organization","@id":"https:\/\/pragueartweek.cz\/en\/#organization","name":"Prague Art Week","url":"https:\/\/pragueartweek.cz\/en\/","logo":{"@type":"ImageObject","inLanguage":"en-US","@id":"https:\/\/pragueartweek.cz\/en\/#\/schema\/logo\/image\/","url":"https:\/\/pragueartweek.cz\/wp-content\/uploads\/2022\/04\/LOGO_PAW_bez-roku-02.png","contentUrl":"https:\/\/pragueartweek.cz\/wp-content\/uploads\/2022\/04\/LOGO_PAW_bez-roku-02.png","width":2481,"height":1749,"caption":"Prague Art Week"},"image":{"@id":"https:\/\/pragueartweek.cz\/en\/#\/schema\/logo\/image\/"},"sameAs":["https:\/\/www.facebook.com\/pragueartweek22\/","https:\/\/www.instagram.com\/prague_art_week\/"]}]}},"_links":{"self":[{"href":"https:\/\/pragueartweek.cz\/en\/wp-json\/wp\/v2\/pages\/204","targetHints":{"allow":["GET"]}}],"collection":[{"href":"https:\/\/pragueartweek.cz\/en\/wp-json\/wp\/v2\/pages"}],"about":[{"href":"https:\/\/pragueartweek.cz\/en\/wp-json\/wp\/v2\/types\/page"}],"author":[{"embeddable":true,"href":"https:\/\/pragueartweek.cz\/en\/wp-json\/wp\/v2\/users\/1"}],"replies":[{"embeddable":true,"href":"https:\/\/pragueartweek.cz\/en\/wp-json\/wp\/v2\/comments?post=204"}],"version-history":[{"count":1,"href":"https:\/\/pragueartweek.cz\/en\/wp-json\/wp\/v2\/pages\/204\/revisions"}],"predecessor-version":[{"id":205,"href":"https:\/\/pragueartweek.cz\/en\/wp-json\/wp\/v2\/pages\/204\/revisions\/205"}],"wp:attachment":[{"href":"https:\/\/pragueartweek.cz\/en\/wp-json\/wp\/v2\/media?parent=204"}],"curies":[{"name":"wp","href":"https:\/\/api.w.org\/{rel}","templated":true}]}}