{"id":266,"date":"2022-04-20T12:23:39","date_gmt":"2022-04-20T10:23:39","guid":{"rendered":"https:\/\/pragueartweek.cz\/about\/"},"modified":"2026-03-03T11:35:01","modified_gmt":"2026-03-03T10:35:01","slug":"about","status":"publish","type":"page","link":"https:\/\/pragueartweek.cz\/en\/about\/","title":{"rendered":"About"},"content":{"rendered":"<p>PRAGUE ART WEEK is an open platform for the cooperation of the most important institutions in the Prague art scene and an annual art festival with the aim of connecting galleries, museums, exhibition halls, as well as art collections and other art-oriented organizations. PRAGUE ART WEEK&#8217;s mission is to strengthen the city&#8217;s artistic ecosystem and make it accessible to local and international audiences.<\/p>\n","protected":false},"excerpt":{"rendered":"<p>PRAGUE ART WEEK is an open platform for the cooperation of the most important institutions in the Prague art scene and an annual art festival with the aim of connecting galleries, museums, exhibition halls, as well as art collections and other art-oriented organizations. PRAGUE ART WEEK&#8217;s mission is to strengthen the city&#8217;s artistic ecosystem and&#8230; <a class=\"view-article\" href=\"https:\/\/pragueartweek.cz\/en\/about\/\">View Article<\/a><\/p>\n","protected":false},"author":1,"featured_media":0,"parent":0,"menu_order":0,"comment_status":"closed","ping_status":"closed","template":"template-about.php","meta":{"_acf_changed":false,"footnotes":""},"class_list":["post-266","page","type-page","status-publish","hentry","wpautop"],"acf":[],"yoast_head":"<!-- This site is optimized with the Yoast SEO plugin v23.0 - https:\/\/yoast.com\/wordpress\/plugins\/seo\/ -->\n<title>About | Prague Art Week 24<\/title>\n<meta name=\"description\" content=\"PRAGUE ART WEEK is an open platform for the cooperation of the most important institutions in the Prague art scene and an annual art festival with the aim of connecting galleries, museums, exhibition halls, as well as art collections and other art-oriented organizations. The second edition, PRAGUE ART WEEK 23 take a place 21-24 September 2023.\" \/>\n<meta name=\"robots\" content=\"index, follow, max-snippet:-1, max-image-preview:large, max-video-preview:-1\" \/>\n<link rel=\"canonical\" href=\"https:\/\/pragueartweek.cz\/en\/about\/\" \/>\n<meta property=\"og:locale\" content=\"en_US\" \/>\n<meta property=\"og:type\" content=\"article\" \/>\n<meta property=\"og:title\" content=\"About | Prague Art Week 24\" \/>\n<meta property=\"og:description\" content=\"PRAGUE ART WEEK is an open platform for the cooperation of the most important institutions in the Prague art scene and an annual art festival with the aim of connecting galleries, museums, exhibition halls, as well as art collections and other art-oriented organizations. The second edition, PRAGUE ART WEEK 23 take a place 21-24 September 2023.\" \/>\n<meta property=\"og:url\" content=\"https:\/\/pragueartweek.cz\/en\/about\/\" \/>\n<meta property=\"og:site_name\" content=\"Prague Art Week 24\" \/>\n<meta property=\"article:publisher\" content=\"https:\/\/www.facebook.com\/pragueartweek22\/\" \/>\n<meta property=\"article:modified_time\" content=\"2026-03-03T10:35:01+00:00\" \/>\n<meta property=\"og:image\" content=\"https:\/\/pragueartweek.cz\/wp-content\/uploads\/2022\/04\/LOGO_PAW_bez-roku-02.png\" \/>\n\t<meta property=\"og:image:width\" content=\"2481\" \/>\n\t<meta property=\"og:image:height\" content=\"1749\" \/>\n\t<meta property=\"og:image:type\" content=\"image\/png\" \/>\n<meta name=\"twitter:card\" content=\"summary_large_image\" \/>\n<meta name=\"twitter:label1\" content=\"Est. reading time\" \/>\n\t<meta name=\"twitter:data1\" content=\"1 minute\" \/>\n<script type=\"application\/ld+json\" class=\"yoast-schema-graph\">{\"@context\":\"https:\/\/schema.org\",\"@graph\":[{\"@type\":\"WebPage\",\"@id\":\"https:\/\/pragueartweek.cz\/en\/about\/\",\"url\":\"https:\/\/pragueartweek.cz\/en\/about\/\",\"name\":\"About | Prague Art Week 24\",\"isPartOf\":{\"@id\":\"https:\/\/pragueartweek.cz\/en\/#website\"},\"datePublished\":\"2022-04-20T10:23:39+00:00\",\"dateModified\":\"2026-03-03T10:35:01+00:00\",\"description\":\"PRAGUE ART WEEK is an open platform for the cooperation of the most important institutions in the Prague art scene and an annual art festival with the aim of connecting galleries, museums, exhibition halls, as well as art collections and other art-oriented organizations. The second edition, PRAGUE ART WEEK 23 take a place 21-24 September 2023.\",\"breadcrumb\":{\"@id\":\"https:\/\/pragueartweek.cz\/en\/about\/#breadcrumb\"},\"inLanguage\":\"en-US\",\"potentialAction\":[{\"@type\":\"ReadAction\",\"target\":[\"https:\/\/pragueartweek.cz\/en\/about\/\"]}]},{\"@type\":\"BreadcrumbList\",\"@id\":\"https:\/\/pragueartweek.cz\/en\/about\/#breadcrumb\",\"itemListElement\":[{\"@type\":\"ListItem\",\"position\":1,\"name\":\"Home\",\"item\":\"https:\/\/pragueartweek.cz\/en\/\"},{\"@type\":\"ListItem\",\"position\":2,\"name\":\"About\"}]},{\"@type\":\"WebSite\",\"@id\":\"https:\/\/pragueartweek.cz\/en\/#website\",\"url\":\"https:\/\/pragueartweek.cz\/en\/\",\"name\":\"Prague Art Week 24\",\"description\":\"Prague Art Week je otev\u0159enou platformou pro kooperaci nejv\u00fdznamn\u011bj\u0161\u00edch instituc\u00ed na poli pra\u017esk\u00e9 um\u011bleck\u00e9 sc\u00e9ny.\",\"publisher\":{\"@id\":\"https:\/\/pragueartweek.cz\/en\/#organization\"},\"potentialAction\":[{\"@type\":\"SearchAction\",\"target\":{\"@type\":\"EntryPoint\",\"urlTemplate\":\"https:\/\/pragueartweek.cz\/en\/?s={search_term_string}\"},\"query-input\":\"required name=search_term_string\"}],\"inLanguage\":\"en-US\"},{\"@type\":\"Organization\",\"@id\":\"https:\/\/pragueartweek.cz\/en\/#organization\",\"name\":\"Prague Art Week\",\"url\":\"https:\/\/pragueartweek.cz\/en\/\",\"logo\":{\"@type\":\"ImageObject\",\"inLanguage\":\"en-US\",\"@id\":\"https:\/\/pragueartweek.cz\/en\/#\/schema\/logo\/image\/\",\"url\":\"https:\/\/pragueartweek.cz\/wp-content\/uploads\/2022\/04\/LOGO_PAW_bez-roku-02.png\",\"contentUrl\":\"https:\/\/pragueartweek.cz\/wp-content\/uploads\/2022\/04\/LOGO_PAW_bez-roku-02.png\",\"width\":2481,\"height\":1749,\"caption\":\"Prague Art Week\"},\"image\":{\"@id\":\"https:\/\/pragueartweek.cz\/en\/#\/schema\/logo\/image\/\"},\"sameAs\":[\"https:\/\/www.facebook.com\/pragueartweek22\/\",\"https:\/\/www.instagram.com\/prague_art_week\/\"]}]}<\/script>\n<!-- \/ Yoast SEO plugin. -->","yoast_head_json":{"title":"About | Prague Art Week 24","description":"PRAGUE ART WEEK is an open platform for the cooperation of the most important institutions in the Prague art scene and an annual art festival with the aim of connecting galleries, museums, exhibition halls, as well as art collections and other art-oriented organizations. The second edition, PRAGUE ART WEEK 23 take a place 21-24 September 2023.","robots":{"index":"index","follow":"follow","max-snippet":"max-snippet:-1","max-image-preview":"max-image-preview:large","max-video-preview":"max-video-preview:-1"},"canonical":"https:\/\/pragueartweek.cz\/en\/about\/","og_locale":"en_US","og_type":"article","og_title":"About | Prague Art Week 24","og_description":"PRAGUE ART WEEK is an open platform for the cooperation of the most important institutions in the Prague art scene and an annual art festival with the aim of connecting galleries, museums, exhibition halls, as well as art collections and other art-oriented organizations. The second edition, PRAGUE ART WEEK 23 take a place 21-24 September 2023.","og_url":"https:\/\/pragueartweek.cz\/en\/about\/","og_site_name":"Prague Art Week 24","article_publisher":"https:\/\/www.facebook.com\/pragueartweek22\/","article_modified_time":"2026-03-03T10:35:01+00:00","og_image":[{"width":2481,"height":1749,"url":"https:\/\/pragueartweek.cz\/wp-content\/uploads\/2022\/04\/LOGO_PAW_bez-roku-02.png","type":"image\/png"}],"twitter_card":"summary_large_image","twitter_misc":{"Est. reading time":"1 minute"},"schema":{"@context":"https:\/\/schema.org","@graph":[{"@type":"WebPage","@id":"https:\/\/pragueartweek.cz\/en\/about\/","url":"https:\/\/pragueartweek.cz\/en\/about\/","name":"About | Prague Art Week 24","isPartOf":{"@id":"https:\/\/pragueartweek.cz\/en\/#website"},"datePublished":"2022-04-20T10:23:39+00:00","dateModified":"2026-03-03T10:35:01+00:00","description":"PRAGUE ART WEEK is an open platform for the cooperation of the most important institutions in the Prague art scene and an annual art festival with the aim of connecting galleries, museums, exhibition halls, as well as art collections and other art-oriented organizations. The second edition, PRAGUE ART WEEK 23 take a place 21-24 September 2023.","breadcrumb":{"@id":"https:\/\/pragueartweek.cz\/en\/about\/#breadcrumb"},"inLanguage":"en-US","potentialAction":[{"@type":"ReadAction","target":["https:\/\/pragueartweek.cz\/en\/about\/"]}]},{"@type":"BreadcrumbList","@id":"https:\/\/pragueartweek.cz\/en\/about\/#breadcrumb","itemListElement":[{"@type":"ListItem","position":1,"name":"Home","item":"https:\/\/pragueartweek.cz\/en\/"},{"@type":"ListItem","position":2,"name":"About"}]},{"@type":"WebSite","@id":"https:\/\/pragueartweek.cz\/en\/#website","url":"https:\/\/pragueartweek.cz\/en\/","name":"Prague Art Week 24","description":"Prague Art Week je otev\u0159enou platformou pro kooperaci nejv\u00fdznamn\u011bj\u0161\u00edch instituc\u00ed na poli pra\u017esk\u00e9 um\u011bleck\u00e9 sc\u00e9ny.","publisher":{"@id":"https:\/\/pragueartweek.cz\/en\/#organization"},"potentialAction":[{"@type":"SearchAction","target":{"@type":"EntryPoint","urlTemplate":"https:\/\/pragueartweek.cz\/en\/?s={search_term_string}"},"query-input":"required name=search_term_string"}],"inLanguage":"en-US"},{"@type":"Organization","@id":"https:\/\/pragueartweek.cz\/en\/#organization","name":"Prague Art Week","url":"https:\/\/pragueartweek.cz\/en\/","logo":{"@type":"ImageObject","inLanguage":"en-US","@id":"https:\/\/pragueartweek.cz\/en\/#\/schema\/logo\/image\/","url":"https:\/\/pragueartweek.cz\/wp-content\/uploads\/2022\/04\/LOGO_PAW_bez-roku-02.png","contentUrl":"https:\/\/pragueartweek.cz\/wp-content\/uploads\/2022\/04\/LOGO_PAW_bez-roku-02.png","width":2481,"height":1749,"caption":"Prague Art Week"},"image":{"@id":"https:\/\/pragueartweek.cz\/en\/#\/schema\/logo\/image\/"},"sameAs":["https:\/\/www.facebook.com\/pragueartweek22\/","https:\/\/www.instagram.com\/prague_art_week\/"]}]}},"_links":{"self":[{"href":"https:\/\/pragueartweek.cz\/en\/wp-json\/wp\/v2\/pages\/266","targetHints":{"allow":["GET"]}}],"collection":[{"href":"https:\/\/pragueartweek.cz\/en\/wp-json\/wp\/v2\/pages"}],"about":[{"href":"https:\/\/pragueartweek.cz\/en\/wp-json\/wp\/v2\/types\/page"}],"author":[{"embeddable":true,"href":"https:\/\/pragueartweek.cz\/en\/wp-json\/wp\/v2\/users\/1"}],"replies":[{"embeddable":true,"href":"https:\/\/pragueartweek.cz\/en\/wp-json\/wp\/v2\/comments?post=266"}],"version-history":[{"count":16,"href":"https:\/\/pragueartweek.cz\/en\/wp-json\/wp\/v2\/pages\/266\/revisions"}],"predecessor-version":[{"id":11345,"href":"https:\/\/pragueartweek.cz\/en\/wp-json\/wp\/v2\/pages\/266\/revisions\/11345"}],"wp:attachment":[{"href":"https:\/\/pragueartweek.cz\/en\/wp-json\/wp\/v2\/media?parent=266"}],"curies":[{"name":"wp","href":"https:\/\/api.w.org\/{rel}","templated":true}]}}