{"id":4335,"date":"2023-06-14T16:25:04","date_gmt":"2023-06-14T14:25:04","guid":{"rendered":"https:\/\/pragueartweek.cz\/?page_id=4335"},"modified":"2023-06-19T16:03:17","modified_gmt":"2023-06-19T14:03:17","slug":"archive-2021","status":"publish","type":"page","link":"https:\/\/pragueartweek.cz\/en\/archive\/archive-2021\/","title":{"rendered":"Archive 2021"},"content":{"rendered":"<h2><a href=\"https:\/\/tydenumeni.cz\/\" target=\"_blank\" rel=\"noopener\">T\u00fdden um\u011bn\u00ed 2021<\/a><\/h2>\n<p><a href=\"https:\/\/tydenumeni.cz\/\" target=\"_blank\" rel=\"noopener\"><img loading=\"lazy\" decoding=\"async\" width=\"900\" height=\"542\" class=\"alignnone size-medium wp-image-541\" src=\"https:\/\/pragueartweek.cz\/wp-content\/uploads\/2022\/04\/TU2021-900x542.png\" alt=\"\" srcset=\"https:\/\/pragueartweek.cz\/wp-content\/uploads\/2022\/04\/TU2021-900x542.png 900w, https:\/\/pragueartweek.cz\/wp-content\/uploads\/2022\/04\/TU2021-1800x1085.png 1800w, https:\/\/pragueartweek.cz\/wp-content\/uploads\/2022\/04\/TU2021-450x271.png 450w, https:\/\/pragueartweek.cz\/wp-content\/uploads\/2022\/04\/TU2021-768x463.png 768w, https:\/\/pragueartweek.cz\/wp-content\/uploads\/2022\/04\/TU2021-1536x926.png 1536w, https:\/\/pragueartweek.cz\/wp-content\/uploads\/2022\/04\/TU2021.png 1920w\" sizes=\"auto, (max-width: 900px) 100vw, 900px\" \/><\/a><\/p>\n","protected":false},"excerpt":{"rendered":"<p>T\u00fdden um\u011bn\u00ed 2021<\/p>\n","protected":false},"author":1,"featured_media":0,"parent":366,"menu_order":0,"comment_status":"closed","ping_status":"closed","template":"","meta":{"_acf_changed":false,"footnotes":""},"class_list":["post-4335","page","type-page","status-publish","hentry","wpautop"],"acf":[],"yoast_head":"<!-- This site is optimized with the Yoast SEO plugin v27.4 - https:\/\/yoast.com\/product\/yoast-seo-wordpress\/ -->\n<title>Archive 2021 | Prague Art Week 26<\/title>\n<meta name=\"description\" content=\"Take a look into the history of Prague Art Week. How was the second edition of Art Week? Find out in our archive.\" \/>\n<meta name=\"robots\" content=\"index, follow, max-snippet:-1, max-image-preview:large, max-video-preview:-1\" \/>\n<link rel=\"canonical\" href=\"https:\/\/pragueartweek.cz\/en\/archive\/archive-2021\/\" \/>\n<meta property=\"og:locale\" content=\"en_US\" \/>\n<meta property=\"og:type\" content=\"article\" \/>\n<meta property=\"og:title\" content=\"Archive 2021 | Prague Art Week 26\" \/>\n<meta property=\"og:description\" content=\"Take a look into the history of Prague Art Week. How was the second edition of Art Week? Find out in our archive.\" \/>\n<meta property=\"og:url\" content=\"https:\/\/pragueartweek.cz\/en\/archive\/archive-2021\/\" \/>\n<meta property=\"og:site_name\" content=\"Prague Art Week 26\" \/>\n<meta property=\"article:publisher\" content=\"https:\/\/www.facebook.com\/pragueartweek22\/\" \/>\n<meta property=\"article:modified_time\" content=\"2023-06-19T14:03:17+00:00\" \/>\n<meta property=\"og:image\" content=\"https:\/\/pragueartweek.cz\/wp-content\/uploads\/2022\/04\/TU2021-900x542.png\" \/>\n<meta name=\"twitter:card\" content=\"summary_large_image\" \/>\n<meta name=\"twitter:label1\" content=\"Est. reading time\" \/>\n\t<meta name=\"twitter:data1\" content=\"1 minute\" \/>\n<script type=\"application\/ld+json\" class=\"yoast-schema-graph\">{\"@context\":\"https:\\\/\\\/schema.org\",\"@graph\":[{\"@type\":\"WebPage\",\"@id\":\"https:\\\/\\\/pragueartweek.cz\\\/en\\\/archive\\\/archive-2021\\\/\",\"url\":\"https:\\\/\\\/pragueartweek.cz\\\/en\\\/archive\\\/archive-2021\\\/\",\"name\":\"Archive 2021 | Prague Art Week 26\",\"isPartOf\":{\"@id\":\"https:\\\/\\\/pragueartweek.cz\\\/en\\\/#website\"},\"primaryImageOfPage\":{\"@id\":\"https:\\\/\\\/pragueartweek.cz\\\/en\\\/archive\\\/archive-2021\\\/#primaryimage\"},\"image\":{\"@id\":\"https:\\\/\\\/pragueartweek.cz\\\/en\\\/archive\\\/archive-2021\\\/#primaryimage\"},\"thumbnailUrl\":\"https:\\\/\\\/pragueartweek.cz\\\/wp-content\\\/uploads\\\/2022\\\/04\\\/TU2021-900x542.png\",\"datePublished\":\"2023-06-14T14:25:04+00:00\",\"dateModified\":\"2023-06-19T14:03:17+00:00\",\"description\":\"Take a look into the history of Prague Art Week. How was the second edition of Art Week? Find out in our archive.\",\"breadcrumb\":{\"@id\":\"https:\\\/\\\/pragueartweek.cz\\\/en\\\/archive\\\/archive-2021\\\/#breadcrumb\"},\"inLanguage\":\"en-US\",\"potentialAction\":[{\"@type\":\"ReadAction\",\"target\":[\"https:\\\/\\\/pragueartweek.cz\\\/en\\\/archive\\\/archive-2021\\\/\"]}]},{\"@type\":\"ImageObject\",\"inLanguage\":\"en-US\",\"@id\":\"https:\\\/\\\/pragueartweek.cz\\\/en\\\/archive\\\/archive-2021\\\/#primaryimage\",\"url\":\"https:\\\/\\\/pragueartweek.cz\\\/wp-content\\\/uploads\\\/2022\\\/04\\\/TU2021-900x542.png\",\"contentUrl\":\"https:\\\/\\\/pragueartweek.cz\\\/wp-content\\\/uploads\\\/2022\\\/04\\\/TU2021-900x542.png\"},{\"@type\":\"BreadcrumbList\",\"@id\":\"https:\\\/\\\/pragueartweek.cz\\\/en\\\/archive\\\/archive-2021\\\/#breadcrumb\",\"itemListElement\":[{\"@type\":\"ListItem\",\"position\":1,\"name\":\"Home\",\"item\":\"https:\\\/\\\/pragueartweek.cz\\\/en\\\/\"},{\"@type\":\"ListItem\",\"position\":2,\"name\":\"Archive\",\"item\":\"https:\\\/\\\/pragueartweek.cz\\\/en\\\/archive\\\/\"},{\"@type\":\"ListItem\",\"position\":3,\"name\":\"Archive 2021\"}]},{\"@type\":\"WebSite\",\"@id\":\"https:\\\/\\\/pragueartweek.cz\\\/en\\\/#website\",\"url\":\"https:\\\/\\\/pragueartweek.cz\\\/en\\\/\",\"name\":\"Prague Art Week 26\",\"description\":\"Prague Art Week je otev\u0159enou platformou pro kooperaci nejv\u00fdznamn\u011bj\u0161\u00edch instituc\u00ed na poli pra\u017esk\u00e9 um\u011bleck\u00e9 sc\u00e9ny.\",\"publisher\":{\"@id\":\"https:\\\/\\\/pragueartweek.cz\\\/en\\\/#organization\"},\"potentialAction\":[{\"@type\":\"SearchAction\",\"target\":{\"@type\":\"EntryPoint\",\"urlTemplate\":\"https:\\\/\\\/pragueartweek.cz\\\/en\\\/?s={search_term_string}\"},\"query-input\":{\"@type\":\"PropertyValueSpecification\",\"valueRequired\":true,\"valueName\":\"search_term_string\"}}],\"inLanguage\":\"en-US\"},{\"@type\":\"Organization\",\"@id\":\"https:\\\/\\\/pragueartweek.cz\\\/en\\\/#organization\",\"name\":\"Prague Art Week\",\"url\":\"https:\\\/\\\/pragueartweek.cz\\\/en\\\/\",\"logo\":{\"@type\":\"ImageObject\",\"inLanguage\":\"en-US\",\"@id\":\"https:\\\/\\\/pragueartweek.cz\\\/en\\\/#\\\/schema\\\/logo\\\/image\\\/\",\"url\":\"https:\\\/\\\/pragueartweek.cz\\\/wp-content\\\/uploads\\\/2022\\\/04\\\/LOGO_PAW_bez-roku-02.png\",\"contentUrl\":\"https:\\\/\\\/pragueartweek.cz\\\/wp-content\\\/uploads\\\/2022\\\/04\\\/LOGO_PAW_bez-roku-02.png\",\"width\":2481,\"height\":1749,\"caption\":\"Prague Art Week\"},\"image\":{\"@id\":\"https:\\\/\\\/pragueartweek.cz\\\/en\\\/#\\\/schema\\\/logo\\\/image\\\/\"},\"sameAs\":[\"https:\\\/\\\/www.facebook.com\\\/pragueartweek22\\\/\",\"https:\\\/\\\/www.instagram.com\\\/prague_art_week\\\/\"]}]}<\/script>\n<!-- \/ Yoast SEO plugin. -->","yoast_head_json":{"title":"Archive 2021 | Prague Art Week 26","description":"Take a look into the history of Prague Art Week. How was the second edition of Art Week? Find out in our archive.","robots":{"index":"index","follow":"follow","max-snippet":"max-snippet:-1","max-image-preview":"max-image-preview:large","max-video-preview":"max-video-preview:-1"},"canonical":"https:\/\/pragueartweek.cz\/en\/archive\/archive-2021\/","og_locale":"en_US","og_type":"article","og_title":"Archive 2021 | Prague Art Week 26","og_description":"Take a look into the history of Prague Art Week. How was the second edition of Art Week? Find out in our archive.","og_url":"https:\/\/pragueartweek.cz\/en\/archive\/archive-2021\/","og_site_name":"Prague Art Week 26","article_publisher":"https:\/\/www.facebook.com\/pragueartweek22\/","article_modified_time":"2023-06-19T14:03:17+00:00","og_image":[{"url":"https:\/\/pragueartweek.cz\/wp-content\/uploads\/2022\/04\/TU2021-900x542.png","type":"","width":"","height":""}],"twitter_card":"summary_large_image","twitter_misc":{"Est. reading time":"1 minute"},"schema":{"@context":"https:\/\/schema.org","@graph":[{"@type":"WebPage","@id":"https:\/\/pragueartweek.cz\/en\/archive\/archive-2021\/","url":"https:\/\/pragueartweek.cz\/en\/archive\/archive-2021\/","name":"Archive 2021 | Prague Art Week 26","isPartOf":{"@id":"https:\/\/pragueartweek.cz\/en\/#website"},"primaryImageOfPage":{"@id":"https:\/\/pragueartweek.cz\/en\/archive\/archive-2021\/#primaryimage"},"image":{"@id":"https:\/\/pragueartweek.cz\/en\/archive\/archive-2021\/#primaryimage"},"thumbnailUrl":"https:\/\/pragueartweek.cz\/wp-content\/uploads\/2022\/04\/TU2021-900x542.png","datePublished":"2023-06-14T14:25:04+00:00","dateModified":"2023-06-19T14:03:17+00:00","description":"Take a look into the history of Prague Art Week. How was the second edition of Art Week? Find out in our archive.","breadcrumb":{"@id":"https:\/\/pragueartweek.cz\/en\/archive\/archive-2021\/#breadcrumb"},"inLanguage":"en-US","potentialAction":[{"@type":"ReadAction","target":["https:\/\/pragueartweek.cz\/en\/archive\/archive-2021\/"]}]},{"@type":"ImageObject","inLanguage":"en-US","@id":"https:\/\/pragueartweek.cz\/en\/archive\/archive-2021\/#primaryimage","url":"https:\/\/pragueartweek.cz\/wp-content\/uploads\/2022\/04\/TU2021-900x542.png","contentUrl":"https:\/\/pragueartweek.cz\/wp-content\/uploads\/2022\/04\/TU2021-900x542.png"},{"@type":"BreadcrumbList","@id":"https:\/\/pragueartweek.cz\/en\/archive\/archive-2021\/#breadcrumb","itemListElement":[{"@type":"ListItem","position":1,"name":"Home","item":"https:\/\/pragueartweek.cz\/en\/"},{"@type":"ListItem","position":2,"name":"Archive","item":"https:\/\/pragueartweek.cz\/en\/archive\/"},{"@type":"ListItem","position":3,"name":"Archive 2021"}]},{"@type":"WebSite","@id":"https:\/\/pragueartweek.cz\/en\/#website","url":"https:\/\/pragueartweek.cz\/en\/","name":"Prague Art Week 26","description":"Prague Art Week je otev\u0159enou platformou pro kooperaci nejv\u00fdznamn\u011bj\u0161\u00edch instituc\u00ed na poli pra\u017esk\u00e9 um\u011bleck\u00e9 sc\u00e9ny.","publisher":{"@id":"https:\/\/pragueartweek.cz\/en\/#organization"},"potentialAction":[{"@type":"SearchAction","target":{"@type":"EntryPoint","urlTemplate":"https:\/\/pragueartweek.cz\/en\/?s={search_term_string}"},"query-input":{"@type":"PropertyValueSpecification","valueRequired":true,"valueName":"search_term_string"}}],"inLanguage":"en-US"},{"@type":"Organization","@id":"https:\/\/pragueartweek.cz\/en\/#organization","name":"Prague Art Week","url":"https:\/\/pragueartweek.cz\/en\/","logo":{"@type":"ImageObject","inLanguage":"en-US","@id":"https:\/\/pragueartweek.cz\/en\/#\/schema\/logo\/image\/","url":"https:\/\/pragueartweek.cz\/wp-content\/uploads\/2022\/04\/LOGO_PAW_bez-roku-02.png","contentUrl":"https:\/\/pragueartweek.cz\/wp-content\/uploads\/2022\/04\/LOGO_PAW_bez-roku-02.png","width":2481,"height":1749,"caption":"Prague Art Week"},"image":{"@id":"https:\/\/pragueartweek.cz\/en\/#\/schema\/logo\/image\/"},"sameAs":["https:\/\/www.facebook.com\/pragueartweek22\/","https:\/\/www.instagram.com\/prague_art_week\/"]}]}},"_links":{"self":[{"href":"https:\/\/pragueartweek.cz\/en\/wp-json\/wp\/v2\/pages\/4335","targetHints":{"allow":["GET"]}}],"collection":[{"href":"https:\/\/pragueartweek.cz\/en\/wp-json\/wp\/v2\/pages"}],"about":[{"href":"https:\/\/pragueartweek.cz\/en\/wp-json\/wp\/v2\/types\/page"}],"author":[{"embeddable":true,"href":"https:\/\/pragueartweek.cz\/en\/wp-json\/wp\/v2\/users\/1"}],"replies":[{"embeddable":true,"href":"https:\/\/pragueartweek.cz\/en\/wp-json\/wp\/v2\/comments?post=4335"}],"version-history":[{"count":2,"href":"https:\/\/pragueartweek.cz\/en\/wp-json\/wp\/v2\/pages\/4335\/revisions"}],"predecessor-version":[{"id":4338,"href":"https:\/\/pragueartweek.cz\/en\/wp-json\/wp\/v2\/pages\/4335\/revisions\/4338"}],"up":[{"embeddable":true,"href":"https:\/\/pragueartweek.cz\/en\/wp-json\/wp\/v2\/pages\/366"}],"wp:attachment":[{"href":"https:\/\/pragueartweek.cz\/en\/wp-json\/wp\/v2\/media?parent=4335"}],"curies":[{"name":"wp","href":"https:\/\/api.w.org\/{rel}","templated":true}]}}