{"id":4371,"date":"2023-06-14T17:35:15","date_gmt":"2023-06-14T15:35:15","guid":{"rendered":"https:\/\/pragueartweek.cz\/?page_id=4371"},"modified":"2026-03-14T11:11:37","modified_gmt":"2026-03-14T10:11:37","slug":"participation-pa","status":"publish","type":"page","link":"https:\/\/pragueartweek.cz\/en\/participation\/","title":{"rendered":"Participation"},"content":{"rendered":"<h3><span style=\"font-weight: 400;\">PRAGUE ART WEEK is the largest event in which divers contemporary art entities in Prague collaborate. Founded in 2022 with by Artantiquesmedia publishing house and with the support of six main programme partners. Today the festival connects 40 partners and in cooperation with them presents over 100 events across the city each year.<\/span><\/h3>\n<h3><span style=\"font-weight: 400;\">The group of participants in the festival, strengthening the city&#8217;s position as a meeting point for (inter)national artists, art lovers, professionals and collectors, is expanding each year with new galleries and project spaces from Prague, the Czech Republic and abroad. The result is a diverse group of participants that speaks of the quality and wide diversity of the Central and East European art scene. More information about the conditions of participation in Prague Art Week can be found below.<\/span><\/h3>\n<h2><strong>Join the Prague Art Week 26 programe<\/strong><\/h2>\n<h3>Do you want to join the programme of Prague Art Week 2026? Submissions are open to entities that are permanently active in the field of contemporary art.<\/h3>\n<h2><strong>Who is appropriate to join the festival?<\/strong><\/h2>\n<p>State institutions &#8211; galleries, museums, academies and schools in the city of Prague<\/p>\n<p>Private institutions, schools and centres for contemporary art<\/p>\n<p>Private art collections<\/p>\n<p>Private galleries<\/p>\n<p>Project spaces &#8211; non-profit galleries and offspaces<\/p>\n<p>Art studios with a minimum of 4 art studios<\/p>\n<h2><strong>You have to fullfil the following conditions:<\/strong><\/h2>\n<p>You have an exhibition space in Prague and coordinate your location&#8217;s opening hours with the festival program.<\/p>\n<p>You will prepare an exhibition or other event dedicated to the fine arts in your location and provide the organizers with supporting documents on time.<\/p>\n<p>Provide free entry to visitors on (selected) festival days.<\/p>\n<p>Abroad and out of Prague venues, have the option to rent space from a third party or in cooperation with PAW.<\/p>\n<h3>Procedure for submitting the application for the programe:<\/h3>\n<p>The deadline for applications is May 1st 2026. Please send your application with a description of your exhibition plans for Prague Art Week 26 and a profile of your subject to info@pragueartweek.cz.<\/p>\n<p>The organizers will evaluate the artistic qualities of your exhibition plan and the track record of your organization. The number of participating institutions is limited.<\/p>\n<p>Profit entities pay for listing in the festival programe. We will send you the PAW26 Listing or the year-long Art Family PAW26 program upon request. Email us at info@pragueartweek.cz, or mikule@aamedia.cz.<\/p>\n<h2>Questions?<\/h2>\n<p>We will be happy to provide you with the selection criteria and full information about joining the festival. Email us at info@pragueartweek.cz.<\/p>\n<h2>Would you like to become a PAW partner?<\/h2>\n<h3>Do you believe that culture is a good investment? Help support the activities of PRAGUE ART WEEK, which range from educating individuals to building a mature cultural society.<\/h3>\n<h3>We are looking for patrons and sponsors who want to support the participation of young artists, non-profit spaces, guided tours and free accompanying programs at PAW26.<\/h3>\n<h3>We are looking for partners who support culture and want to connect their brand with a unique event representing the best of the visual arts with the business world.<\/h3>\n<h3>Email us at info@pragueartweek.cz.<\/h3>\n<p>&nbsp;<\/p>\n","protected":false},"excerpt":{"rendered":"<p>PRAGUE ART WEEK is the largest event in which divers contemporary art entities in Prague collaborate. Founded in 2022 with by Artantiquesmedia publishing house and with the support of six main programme partners. Today the festival connects 40 partners and in cooperation with them presents over 100 events across the city each year. The group&#8230; <a class=\"view-article\" href=\"https:\/\/pragueartweek.cz\/en\/participation\/\">View Article<\/a><\/p>\n","protected":false},"author":1,"featured_media":6495,"parent":0,"menu_order":0,"comment_status":"closed","ping_status":"closed","template":"template-participation.php","meta":{"_acf_changed":false,"footnotes":""},"class_list":["post-4371","page","type-page","status-publish","has-post-thumbnail","hentry","wpautop"],"acf":[],"yoast_head":"<!-- This site is optimized with the Yoast SEO plugin v23.0 - https:\/\/yoast.com\/wordpress\/plugins\/seo\/ -->\n<title>Participation | Prague Art Week 24<\/title>\n<meta name=\"description\" content=\"News from the global network of Art Weeks to keep you up to date with international festival collaborations.\" \/>\n<meta name=\"robots\" content=\"index, follow, max-snippet:-1, max-image-preview:large, max-video-preview:-1\" \/>\n<link rel=\"canonical\" href=\"https:\/\/pragueartweek.cz\/en\/participation\/\" \/>\n<meta property=\"og:locale\" content=\"en_US\" \/>\n<meta property=\"og:type\" content=\"article\" \/>\n<meta property=\"og:title\" content=\"Participation | Prague Art Week 24\" \/>\n<meta property=\"og:description\" content=\"News from the global network of Art Weeks to keep you up to date with international festival collaborations.\" \/>\n<meta property=\"og:url\" content=\"https:\/\/pragueartweek.cz\/en\/participation\/\" \/>\n<meta property=\"og:site_name\" content=\"Prague Art Week 24\" \/>\n<meta property=\"article:publisher\" content=\"https:\/\/www.facebook.com\/pragueartweek22\/\" \/>\n<meta property=\"article:modified_time\" content=\"2026-03-14T10:11:37+00:00\" \/>\n<meta property=\"og:image\" content=\"https:\/\/pragueartweek.cz\/wp-content\/uploads\/2023\/07\/PAW23_-Odkolekce-foto_-Jakub-Cervenka10.jpg\" \/>\n\t<meta property=\"og:image:width\" content=\"2048\" \/>\n\t<meta property=\"og:image:height\" content=\"1365\" \/>\n\t<meta property=\"og:image:type\" content=\"image\/jpeg\" \/>\n<meta name=\"twitter:card\" content=\"summary_large_image\" \/>\n<meta name=\"twitter:label1\" content=\"Est. reading time\" \/>\n\t<meta name=\"twitter:data1\" content=\"5 minutes\" \/>\n<script type=\"application\/ld+json\" class=\"yoast-schema-graph\">{\"@context\":\"https:\/\/schema.org\",\"@graph\":[{\"@type\":\"WebPage\",\"@id\":\"https:\/\/pragueartweek.cz\/en\/participation\/\",\"url\":\"https:\/\/pragueartweek.cz\/en\/participation\/\",\"name\":\"Participation | Prague Art Week 24\",\"isPartOf\":{\"@id\":\"https:\/\/pragueartweek.cz\/en\/#website\"},\"primaryImageOfPage\":{\"@id\":\"https:\/\/pragueartweek.cz\/en\/participation\/#primaryimage\"},\"image\":{\"@id\":\"https:\/\/pragueartweek.cz\/en\/participation\/#primaryimage\"},\"thumbnailUrl\":\"https:\/\/pragueartweek.cz\/wp-content\/uploads\/2023\/07\/PAW23_-Odkolekce-foto_-Jakub-Cervenka10.jpg\",\"datePublished\":\"2023-06-14T15:35:15+00:00\",\"dateModified\":\"2026-03-14T10:11:37+00:00\",\"description\":\"News from the global network of Art Weeks to keep you up to date with international festival collaborations.\",\"breadcrumb\":{\"@id\":\"https:\/\/pragueartweek.cz\/en\/participation\/#breadcrumb\"},\"inLanguage\":\"en-US\",\"potentialAction\":[{\"@type\":\"ReadAction\",\"target\":[\"https:\/\/pragueartweek.cz\/en\/participation\/\"]}]},{\"@type\":\"ImageObject\",\"inLanguage\":\"en-US\",\"@id\":\"https:\/\/pragueartweek.cz\/en\/participation\/#primaryimage\",\"url\":\"https:\/\/pragueartweek.cz\/wp-content\/uploads\/2023\/07\/PAW23_-Odkolekce-foto_-Jakub-Cervenka10.jpg\",\"contentUrl\":\"https:\/\/pragueartweek.cz\/wp-content\/uploads\/2023\/07\/PAW23_-Odkolekce-foto_-Jakub-Cervenka10.jpg\",\"width\":2048,\"height\":1365},{\"@type\":\"BreadcrumbList\",\"@id\":\"https:\/\/pragueartweek.cz\/en\/participation\/#breadcrumb\",\"itemListElement\":[{\"@type\":\"ListItem\",\"position\":1,\"name\":\"Home\",\"item\":\"https:\/\/pragueartweek.cz\/en\/\"},{\"@type\":\"ListItem\",\"position\":2,\"name\":\"Participation\"}]},{\"@type\":\"WebSite\",\"@id\":\"https:\/\/pragueartweek.cz\/en\/#website\",\"url\":\"https:\/\/pragueartweek.cz\/en\/\",\"name\":\"Prague Art Week 24\",\"description\":\"Prague Art Week je otev\u0159enou platformou pro kooperaci nejv\u00fdznamn\u011bj\u0161\u00edch instituc\u00ed na poli pra\u017esk\u00e9 um\u011bleck\u00e9 sc\u00e9ny.\",\"publisher\":{\"@id\":\"https:\/\/pragueartweek.cz\/en\/#organization\"},\"potentialAction\":[{\"@type\":\"SearchAction\",\"target\":{\"@type\":\"EntryPoint\",\"urlTemplate\":\"https:\/\/pragueartweek.cz\/en\/?s={search_term_string}\"},\"query-input\":\"required name=search_term_string\"}],\"inLanguage\":\"en-US\"},{\"@type\":\"Organization\",\"@id\":\"https:\/\/pragueartweek.cz\/en\/#organization\",\"name\":\"Prague Art Week\",\"url\":\"https:\/\/pragueartweek.cz\/en\/\",\"logo\":{\"@type\":\"ImageObject\",\"inLanguage\":\"en-US\",\"@id\":\"https:\/\/pragueartweek.cz\/en\/#\/schema\/logo\/image\/\",\"url\":\"https:\/\/pragueartweek.cz\/wp-content\/uploads\/2022\/04\/LOGO_PAW_bez-roku-02.png\",\"contentUrl\":\"https:\/\/pragueartweek.cz\/wp-content\/uploads\/2022\/04\/LOGO_PAW_bez-roku-02.png\",\"width\":2481,\"height\":1749,\"caption\":\"Prague Art Week\"},\"image\":{\"@id\":\"https:\/\/pragueartweek.cz\/en\/#\/schema\/logo\/image\/\"},\"sameAs\":[\"https:\/\/www.facebook.com\/pragueartweek22\/\",\"https:\/\/www.instagram.com\/prague_art_week\/\"]}]}<\/script>\n<!-- \/ Yoast SEO plugin. -->","yoast_head_json":{"title":"Participation | Prague Art Week 24","description":"News from the global network of Art Weeks to keep you up to date with international festival collaborations.","robots":{"index":"index","follow":"follow","max-snippet":"max-snippet:-1","max-image-preview":"max-image-preview:large","max-video-preview":"max-video-preview:-1"},"canonical":"https:\/\/pragueartweek.cz\/en\/participation\/","og_locale":"en_US","og_type":"article","og_title":"Participation | Prague Art Week 24","og_description":"News from the global network of Art Weeks to keep you up to date with international festival collaborations.","og_url":"https:\/\/pragueartweek.cz\/en\/participation\/","og_site_name":"Prague Art Week 24","article_publisher":"https:\/\/www.facebook.com\/pragueartweek22\/","article_modified_time":"2026-03-14T10:11:37+00:00","og_image":[{"width":2048,"height":1365,"url":"https:\/\/pragueartweek.cz\/wp-content\/uploads\/2023\/07\/PAW23_-Odkolekce-foto_-Jakub-Cervenka10.jpg","type":"image\/jpeg"}],"twitter_card":"summary_large_image","twitter_misc":{"Est. reading time":"5 minutes"},"schema":{"@context":"https:\/\/schema.org","@graph":[{"@type":"WebPage","@id":"https:\/\/pragueartweek.cz\/en\/participation\/","url":"https:\/\/pragueartweek.cz\/en\/participation\/","name":"Participation | Prague Art Week 24","isPartOf":{"@id":"https:\/\/pragueartweek.cz\/en\/#website"},"primaryImageOfPage":{"@id":"https:\/\/pragueartweek.cz\/en\/participation\/#primaryimage"},"image":{"@id":"https:\/\/pragueartweek.cz\/en\/participation\/#primaryimage"},"thumbnailUrl":"https:\/\/pragueartweek.cz\/wp-content\/uploads\/2023\/07\/PAW23_-Odkolekce-foto_-Jakub-Cervenka10.jpg","datePublished":"2023-06-14T15:35:15+00:00","dateModified":"2026-03-14T10:11:37+00:00","description":"News from the global network of Art Weeks to keep you up to date with international festival collaborations.","breadcrumb":{"@id":"https:\/\/pragueartweek.cz\/en\/participation\/#breadcrumb"},"inLanguage":"en-US","potentialAction":[{"@type":"ReadAction","target":["https:\/\/pragueartweek.cz\/en\/participation\/"]}]},{"@type":"ImageObject","inLanguage":"en-US","@id":"https:\/\/pragueartweek.cz\/en\/participation\/#primaryimage","url":"https:\/\/pragueartweek.cz\/wp-content\/uploads\/2023\/07\/PAW23_-Odkolekce-foto_-Jakub-Cervenka10.jpg","contentUrl":"https:\/\/pragueartweek.cz\/wp-content\/uploads\/2023\/07\/PAW23_-Odkolekce-foto_-Jakub-Cervenka10.jpg","width":2048,"height":1365},{"@type":"BreadcrumbList","@id":"https:\/\/pragueartweek.cz\/en\/participation\/#breadcrumb","itemListElement":[{"@type":"ListItem","position":1,"name":"Home","item":"https:\/\/pragueartweek.cz\/en\/"},{"@type":"ListItem","position":2,"name":"Participation"}]},{"@type":"WebSite","@id":"https:\/\/pragueartweek.cz\/en\/#website","url":"https:\/\/pragueartweek.cz\/en\/","name":"Prague Art Week 24","description":"Prague Art Week je otev\u0159enou platformou pro kooperaci nejv\u00fdznamn\u011bj\u0161\u00edch instituc\u00ed na poli pra\u017esk\u00e9 um\u011bleck\u00e9 sc\u00e9ny.","publisher":{"@id":"https:\/\/pragueartweek.cz\/en\/#organization"},"potentialAction":[{"@type":"SearchAction","target":{"@type":"EntryPoint","urlTemplate":"https:\/\/pragueartweek.cz\/en\/?s={search_term_string}"},"query-input":"required name=search_term_string"}],"inLanguage":"en-US"},{"@type":"Organization","@id":"https:\/\/pragueartweek.cz\/en\/#organization","name":"Prague Art Week","url":"https:\/\/pragueartweek.cz\/en\/","logo":{"@type":"ImageObject","inLanguage":"en-US","@id":"https:\/\/pragueartweek.cz\/en\/#\/schema\/logo\/image\/","url":"https:\/\/pragueartweek.cz\/wp-content\/uploads\/2022\/04\/LOGO_PAW_bez-roku-02.png","contentUrl":"https:\/\/pragueartweek.cz\/wp-content\/uploads\/2022\/04\/LOGO_PAW_bez-roku-02.png","width":2481,"height":1749,"caption":"Prague Art Week"},"image":{"@id":"https:\/\/pragueartweek.cz\/en\/#\/schema\/logo\/image\/"},"sameAs":["https:\/\/www.facebook.com\/pragueartweek22\/","https:\/\/www.instagram.com\/prague_art_week\/"]}]}},"_links":{"self":[{"href":"https:\/\/pragueartweek.cz\/en\/wp-json\/wp\/v2\/pages\/4371","targetHints":{"allow":["GET"]}}],"collection":[{"href":"https:\/\/pragueartweek.cz\/en\/wp-json\/wp\/v2\/pages"}],"about":[{"href":"https:\/\/pragueartweek.cz\/en\/wp-json\/wp\/v2\/types\/page"}],"author":[{"embeddable":true,"href":"https:\/\/pragueartweek.cz\/en\/wp-json\/wp\/v2\/users\/1"}],"replies":[{"embeddable":true,"href":"https:\/\/pragueartweek.cz\/en\/wp-json\/wp\/v2\/comments?post=4371"}],"version-history":[{"count":19,"href":"https:\/\/pragueartweek.cz\/en\/wp-json\/wp\/v2\/pages\/4371\/revisions"}],"predecessor-version":[{"id":11351,"href":"https:\/\/pragueartweek.cz\/en\/wp-json\/wp\/v2\/pages\/4371\/revisions\/11351"}],"wp:featuredmedia":[{"embeddable":true,"href":"https:\/\/pragueartweek.cz\/en\/wp-json\/wp\/v2\/media\/6495"}],"wp:attachment":[{"href":"https:\/\/pragueartweek.cz\/en\/wp-json\/wp\/v2\/media?parent=4371"}],"curies":[{"name":"wp","href":"https:\/\/api.w.org\/{rel}","templated":true}]}}